{"id":21,"date":"2016-11-03T15:19:27","date_gmt":"2016-11-03T15:19:27","guid":{"rendered":"https:\/\/serviexpresslogistics.com.co\/?page_id=21"},"modified":"2025-08-25T18:04:24","modified_gmt":"2025-08-25T18:04:24","slug":"our-services","status":"publish","type":"page","link":"https:\/\/serviexpresslogistics.com.co\/es\/our-services\/","title":{"rendered":"Nuestros Servicios"},"content":{"rendered":"<div class=\"wpb-content-wrapper\"><div class=\"vc_row wpb_row vc_row-fluid\"><div class=\"wpb_column vc_column_container vc_col-sm-12 sc_layouts_column_icons_position_left\"><div class=\"vc_column-inner\"><div class=\"wpb_wrapper\"><div class=\"vc_empty_space\"   style=\"height: 2.2em\"><span class=\"vc_empty_space_inner\"><\/span><\/div>\n\t<div class=\"wpb_text_column wpb_content_element\" >\n\t\t<div class=\"wpb_wrapper\">\n\t\t\t<p style=\"text-align: center;\">Nos especializamos en brindar soluciones log\u00edsticas eficientes, seguras y personalizadas entre Estados Unidos y Colombia,<br \/>\ncubriendo cada etapa del proceso de env\u00edo, desde el almacenamiento y el agenciamiento aduanero hasta la entrega final.<\/p>\n\n\t\t<\/div>\n\t<\/div>\n<\/div><\/div><\/div><\/div><div data-vc-full-width=\"true\" data-vc-full-width-init=\"false\" data-vc-stretch-content=\"true\" class=\"vc_row wpb_row vc_row-fluid vc_row-no-padding vc_row-o-equal-height vc_row-flex\"><div class=\"wpb_column vc_column_container vc_col-sm-3 vc_col-has-fill sc_layouts_column_icons_position_left\"><div class=\"vc_column-inner vc_custom_1480281211046\"><div class=\"wpb_wrapper\"><\/div><\/div><\/div><div class=\"wpb_column vc_column_container vc_col-sm-3 vc_col-has-fill sc_layouts_column_icons_position_left\"><div class=\"vc_column-inner vc_custom_1480281219262\"><div class=\"wpb_wrapper\"><div class=\"vc_empty_space\"   style=\"height: 1.4em\"><span class=\"vc_empty_space_inner\"><\/span><\/div>\n\t<div class=\"wpb_text_column wpb_content_element vc_custom_1755874204386\" >\n\t\t<div class=\"wpb_wrapper\">\n\t\t\t<ul>\n<li data-start=\"40\" data-end=\"65\">\n<p data-start=\"42\" data-end=\"65\"><strong data-start=\"42\" data-end=\"63\">Agenciamiento aduanero<\/strong><\/p>\n<\/li>\n<li data-start=\"66\" data-end=\"105\">\n<p data-start=\"68\" data-end=\"105\"><strong data-start=\"68\" data-end=\"103\">Asesor\u00eda en Legislaci\u00f3n Aduanera<\/strong><\/p>\n<\/li>\n<li data-start=\"106\" data-end=\"148\">\n<p data-start=\"108\" data-end=\"148\"><strong data-start=\"108\" data-end=\"146\">Asesor\u00eda en Clasificaciones Arancelarias<\/strong><\/p>\n<\/li>\n<li data-start=\"149\" data-end=\"191\">\n<p data-start=\"151\" data-end=\"191\"><strong data-start=\"151\" data-end=\"189\">Distribuci\u00f3n y Despacho de Mercanc\u00edas<\/strong><\/p>\n<\/li>\n<li><strong data-start=\"194\" data-end=\"250\">Asesor\u00eda Programas Especiales SIEX y PLAN VALLEJO<\/strong><\/li>\n<\/ul>\n<p>&nbsp;<\/p>\n<p>&nbsp;<\/p>\n<h4 style=\"text-align: center;\" data-start=\"108\" data-end=\"148\"><\/h4>\n\n\t\t<\/div>\n\t<\/div>\n<\/div><\/div><\/div><div class=\"wpb_column vc_column_container vc_col-sm-3 sc_layouts_column_icons_position_left\"><div class=\"vc_column-inner\"><div class=\"wpb_wrapper\"><div class=\"vc_empty_space\"   style=\"height: 1.4em\"><span class=\"vc_empty_space_inner\"><\/span><\/div>\n\t<div class=\"wpb_text_column wpb_content_element vc_custom_1755874196170\" >\n\t\t<div class=\"wpb_wrapper\">\n\t\t\t<ul>\n<li data-start=\"255\" data-end=\"298\"><strong data-start=\"255\" data-end=\"296\">Asesor\u00eda en Reg\u00edmenes de Importaci\u00f3n y Exportaci\u00f3n<\/strong><\/li>\n<li data-start=\"299\" data-end=\"369\">\n<p data-start=\"301\" data-end=\"369\"><strong data-start=\"301\" data-end=\"367\">Asesor\u00eda en Transportes y fletes mar\u00edtimos, a\u00e9reos y terrestres<\/strong><\/p>\n<\/li>\n<li data-start=\"370\" data-end=\"441\">\n<p data-start=\"372\" data-end=\"441\"><strong data-start=\"372\" data-end=\"439\">Elaboraci\u00f3n y tr\u00e1mite de Registros y Licencias de Importaci\u00f3n<\/strong><\/p>\n<\/li>\n<li data-start=\"442\" data-end=\"513\">\n<p data-start=\"444\" data-end=\"513\"><strong data-start=\"444\" data-end=\"511\">Asesor\u00eda y tr\u00e1mites de Registros Sanitarios INVIMA, ICA.<\/strong><\/p>\n<\/li>\n<\/ul>\n<h4 style=\"text-align: center;\" data-start=\"108\" data-end=\"148\"><\/h4>\n\n\t\t<\/div>\n\t<\/div>\n<\/div><\/div><\/div><div class=\"wpb_column vc_column_container vc_col-sm-3 sc_layouts_column_icons_position_left\"><div class=\"vc_column-inner\"><div class=\"wpb_wrapper\"><\/div><\/div><\/div><\/div><div class=\"vc_row-full-width vc_clearfix\"><\/div><div data-vc-full-width=\"true\" data-vc-full-width-init=\"false\" data-vc-stretch-content=\"true\" class=\"vc_row wpb_row vc_row-fluid vc_custom_1478532881550 vc_row-has-fill vc_row-no-padding\"><div class=\"wpb_column vc_column_container vc_col-sm-12 sc_layouts_column_icons_position_left\"><div class=\"vc_column-inner\"><div class=\"wpb_wrapper\"><div  id=\"sc_promo_982968153\" \n\tclass=\"sc_promo sc_promo_default sc_promo_size_large sc_promo_image_position_left\"><div class=\"sc_promo_image\" style=\"background-image:url(https:\/\/serviexpresslogistics.com.co\/wp-content\/uploads\/2025\/08\/avion-carga-1.webp);width:50%;left: 0;\"><\/div><div class=\"sc_promo_text\" style=\"width: 50%;float: right;\">\n\t\t\t<div class=\"sc_promo_text_inner\" style=\"\"><div class=\"sc_promo_content sc_item_content\"><div id=\"sc_content_847064845\"\n\t\tclass=\"sc_content sc_content_default  vc_custom_1480289643519 sc_content_width_1_2\"><div class=\"sc_content_container\"><div id=\"sc_skills_1802286607\"\n\t\tclass=\"sc_skills sc_skills_pie sc_skills_compact_off\"\n\t\t\t\tdata-type=\"pie\"\n\t\t><h2 class=\"sc_item_title sc_skills_title sc_align_default sc_item_title_style_default\">Nuestras Capacidades<\/h2><div class=\"sc_item_descr sc_skills_descr sc_align_default\">Ofrecemos soluciones log\u00edsticas integrales entre EE.\u202fUU. y Colombia. R\u00e1pidas, seguras y con total respaldo aduanero.<\/div><div class=\"sc_skills_columns sc_item_columns trx_addons_columns_wrap columns_padding_bottom\"><div class=\"sc_skills_column trx_addons_column-1_4\"><div class=\"sc_skills_item_wrap\"><div class=\"sc_skills_item\"><canvas id=\"sc_skills_canvas_2061880015\"><\/canvas><div class=\"sc_skills_total\" data-start=\"0\" data-stop=\"70\" data-step=\"1\" data-steps=\"100\" data-max=\"100\" data-speed=\"33\" data-duration=\"2310\" data-color=\"#24385B\" data-bg_color=\"#fff\" data-border_color=\"\" data-cutout=\"96\" data-easing=\"easeOutCirc\" data-ed=\"\">0<\/div><\/div><div class=\"sc_skills_item_title\">Manejo de Courier y Paqueter\u00eda<\/div><\/div><\/div><div class=\"sc_skills_column trx_addons_column-1_4\"><div class=\"sc_skills_item_wrap\"><div class=\"sc_skills_item\"><canvas id=\"sc_skills_canvas_1043226426\"><\/canvas><div class=\"sc_skills_total\" data-start=\"0\" data-stop=\"85\" data-step=\"1\" data-steps=\"100\" data-max=\"100\" data-speed=\"11\" data-duration=\"935\" data-color=\"#24385B\" data-bg_color=\"#fff\" data-border_color=\"\" data-cutout=\"96\" data-easing=\"easeOutCirc\" data-ed=\"\">0<\/div><\/div><div class=\"sc_skills_item_title\">Agenciamiento aduanero<\/div><\/div><\/div><div class=\"sc_skills_column trx_addons_column-1_4\"><div class=\"sc_skills_item_wrap\"><div class=\"sc_skills_item\"><canvas id=\"sc_skills_canvas_1967093028\"><\/canvas><div class=\"sc_skills_total\" data-start=\"0\" data-stop=\"80\" data-step=\"1\" data-steps=\"100\" data-max=\"100\" data-speed=\"24\" data-duration=\"1920\" data-color=\"#24385B\" data-bg_color=\"#fff\" data-border_color=\"\" data-cutout=\"96\" data-easing=\"easeOutCirc\" data-ed=\"\">0<\/div><\/div><div class=\"sc_skills_item_title\">Almacenamiento y Cumplimiento (Miami)<\/div><\/div><\/div><div class=\"sc_skills_column trx_addons_column-1_4\"><div class=\"sc_skills_item_wrap\"><div class=\"sc_skills_item\"><canvas id=\"sc_skills_canvas_847009151\"><\/canvas><div class=\"sc_skills_total\" data-start=\"0\" data-stop=\"95\" data-step=\"1\" data-steps=\"100\" data-max=\"100\" data-speed=\"36\" data-duration=\"3420\" data-color=\"#24385B\" data-bg_color=\"#fff\" data-border_color=\"\" data-cutout=\"96\" data-easing=\"easeOutCirc\" data-ed=\"\">0<\/div><\/div><div class=\"sc_skills_item_title\">Entregas Puerta a Puerta en Colombia<\/div><\/div><\/div><\/div><\/div><div class=\"vc_empty_space\"   style=\"height: 1.4em\"><span class=\"vc_empty_space_inner\"><\/span><\/div><div class=\"sc_item_button sc_button_wrap\"><a href=\"\/es\/about-us-logistics\/\" id=\"sc_button_1224500524\" class=\"sc_button sc_button_accent sc_button_size_normal sc_button_icon_right\"><span class=\"sc_button_icon\"><span class=\"icon-right\"><\/span><\/span><span class=\"sc_button_text\"><span class=\"sc_button_title\">Conoce m\u00e1s de Serviexpress Logistics<\/span><\/span><!-- \/.sc_button_text --><\/a><!-- \/.sc_button --><\/div><!-- \/.sc_item_button --><\/div><\/div><!-- \/.sc_content --><\/div><\/div>\n\t\t<\/div><!-- \/.sc_promo_text --><\/div><!-- \/.sc_promo --><div  id=\"sc_action_1575705003\" \n\tclass=\"scheme_dark sc_action sc_action_simple\" data-slides-min-width=\"250\"\t><div class=\"sc_action_content sc_item_content\"><div class=\"sc_action_item sc_action_item_simple with_image sc_action_item_mc\" style=\"background-image:url(https:\/\/serviexpresslogistics.com.co\/wp-content\/uploads\/2025\/08\/action-1-copyright.jpg);\">\n\t\t\t\t\t\t\t<div class=\"sc_action_item_mask\"><\/div>\n\t\t\t\t<div class=\"sc_action_item_inner\">\n\t\t\t\t<h6 class=\"sc_action_item_subtitle\"><span>Eficiencia, seguridad y atenci\u00f3n personalizada\u2014al precio justo<\/span><\/h6><h3 class=\"sc_action_item_title\"><span>Vamos m\u00e1s all\u00e1 de la log\u00edstica<\/span><\/h3><a href=\"\/es\/contacts\/\" class=\"sc_action_item_link sc_button_border sc_button_icon_right\">Cont\u00e1ctanos<\/a><\/div><!-- \/.sc_action_item_inner --><\/div><\/div><\/div><!-- \/.sc_action --><\/div><\/div><\/div><\/div><div class=\"vc_row-full-width vc_clearfix\"><\/div><div data-vc-full-width=\"true\" data-vc-full-width-init=\"false\" data-vc-stretch-content=\"true\" class=\"vc_row wpb_row vc_row-fluid vc_custom_1756143836671 vc_row-has-fill vc_row-o-equal-height vc_row-flex\"><div class=\"wpb_column vc_column_container vc_col-sm-6 vc_col-lg-7 vc_col-md-6 sc_layouts_column_icons_position_left\"><div class=\"vc_column-inner\"><div class=\"wpb_wrapper\"><\/div><\/div><\/div><div class=\"wpb_column vc_column_container vc_col-sm-6 vc_col-lg-5 vc_col-md-6 vc_col-has-fill sc_layouts_column_icons_position_left\"><div class=\"vc_column-inner vc_custom_1611921998413\"><div class=\"wpb_wrapper\"><div class=\"vc_empty_space\"   style=\"height: 7.9em\"><span class=\"vc_empty_space_inner\"><\/span><\/div><div id=\"sc_content_1756083939\"\n\t\tclass=\"sc_content sc_content_default\"><h6 class=\"sc_item_subtitle sc_content_subtitle sc_align_default sc_item_title_style_default\">Transparencia<\/h6><h2 class=\"sc_item_title sc_content_title sc_align_default sc_item_title_style_default\">Rastrea tu Env\u00edo<br \/>\nen Tiempo Real<\/h2><div class=\"sc_item_descr sc_content_descr sc_align_default\">Mantente informado en cada etapa del proceso.\nEn Serviexpress te ofrecemos herramientas de rastreo en l\u00ednea y soporte personalizado<br \/>\npara que sigas tu paquete desde nuestra bodega en Miami hasta su entrega en Colombia.<br \/>\nConfiabilidad, velocidad y transparencia total.<\/div><div class=\"sc_content_container\"><div class=\"vc_empty_space\"   style=\"height: 3em\"><span class=\"vc_empty_space_inner\"><\/span><\/div><div class=\"sc_item_button sc_button_wrap sc_align_left\"><a href=\"https:\/\/cbone.controlbox.net\/ServiExpressLogisticsFreightCorp\/cbone\/app\/rastreo\/index.asp?I=2\" id=\"sc_button_1696916855\" class=\"sc_button sc_button_default  vc_custom_1754071855244 sc_button_size_normal sc_button_icon_right\"><span class=\"sc_button_icon\"><span class=\"icon-right\"><\/span><\/span><span class=\"sc_button_text\"><span class=\"sc_button_title\">Sigue tu carga<\/span><\/span><!-- \/.sc_button_text --><\/a><!-- \/.sc_button --><\/div><!-- \/.sc_item_button --><div class=\"sc_item_button sc_button_wrap sc_align_left\"><a href=\"\/es\/contacts\/\" id=\"sc_button_1901473557\" class=\"sc_button sc_button_border brd-transparent sc_button_size_normal sc_button_icon_right\"><span class=\"sc_button_icon\"><span class=\"icon-right\"><\/span><\/span><span class=\"sc_button_text\"><span class=\"sc_button_title\">Cont\u00e1ctanos<\/span><\/span><!-- \/.sc_button_text --><\/a><!-- \/.sc_button --><\/div><!-- \/.sc_item_button --><\/div><\/div><!-- \/.sc_content --><div class=\"vc_empty_space\"   style=\"height: 11.9em\"><span class=\"vc_empty_space_inner\"><\/span><\/div><\/div><\/div><\/div><\/div><div class=\"vc_row-full-width vc_clearfix\"><\/div><div class=\"vc_row wpb_row vc_row-fluid\"><div class=\"wpb_column vc_column_container vc_col-sm-12 sc_layouts_column_icons_position_left\"><div class=\"vc_column-inner\"><div class=\"wpb_wrapper\"><div class=\"vc_empty_space  hide_on_mobile hide_on_notebook\"   style=\"height: 2.9em\"><span class=\"vc_empty_space_inner\"><\/span><\/div><\/div><\/div><\/div><\/div><div data-vc-full-width=\"true\" data-vc-full-width-init=\"false\" class=\"vc_row wpb_row vc_row-fluid vc_custom_1478533897962 vc_row-has-fill\"><div class=\"wpb_column vc_column_container vc_col-sm-12 sc_layouts_column_icons_position_left\"><div class=\"vc_column-inner\"><div class=\"wpb_wrapper\"><div class=\"vc_empty_space\"   style=\"height: 4.2em\"><span class=\"vc_empty_space_inner\"><\/span><\/div><div id=\"widget_slider_600546100\" class=\"widget_area sc_widget_slider vc_widget_slider wpb_content_element\"><aside id=\"widget_slider_600546100_widget\" class=\"widget widget_slider\">\t\t\t<div class=\"slider_wrap slider_engine_swiper\">\n\t\t\t\t<div id=\"widget_slider_600546100_outer\" class=\"slider_swiper_outer slider_style_default slider_outer_nocontrols slider_outer_nopagination slider_outer_titles_center slider_outer_multi\"><div id=\"widget_slider_600546100_swiper\" class=\"slider_swiper swiper-slider-container slider_nocontrols slider_nopagination slider_titles_center slider_multi slider_resize slider_height_fixed slider_type_bg\" data-ratio=\"16:9\" data-interval=\"7000\" data-effect=\"slide\" data-pagination=\"bullets\" data-slides-per-view=\"6\" data-slides-space=\"0\" style=\"height:400px;\">\n\t\t\t\t\t\t<div class=\"swiper-wrapper\"><div  class=\"swiper-slide\" data-image=\"https:\/\/serviexpresslogistics.com.co\/wp-content\/uploads\/2025\/08\/12-1.webp\" style=\"background-image:url(https:\/\/serviexpresslogistics.com.co\/wp-content\/uploads\/2025\/08\/12-1.webp);\"><\/div><div  class=\"swiper-slide\" data-image=\"https:\/\/serviexpresslogistics.com.co\/wp-content\/uploads\/2025\/08\/11-1.webp\" style=\"background-image:url(https:\/\/serviexpresslogistics.com.co\/wp-content\/uploads\/2025\/08\/11-1.webp);\"><\/div><div  class=\"swiper-slide\" data-image=\"https:\/\/serviexpresslogistics.com.co\/wp-content\/uploads\/2025\/08\/10-1.webp\" style=\"background-image:url(https:\/\/serviexpresslogistics.com.co\/wp-content\/uploads\/2025\/08\/10-1.webp);\"><\/div><div  class=\"swiper-slide\" data-image=\"https:\/\/serviexpresslogistics.com.co\/wp-content\/uploads\/2025\/08\/9-1.webp\" style=\"background-image:url(https:\/\/serviexpresslogistics.com.co\/wp-content\/uploads\/2025\/08\/9-1.webp);\"><\/div><div  class=\"swiper-slide\" data-image=\"https:\/\/serviexpresslogistics.com.co\/wp-content\/uploads\/2025\/08\/8-1.webp\" style=\"background-image:url(https:\/\/serviexpresslogistics.com.co\/wp-content\/uploads\/2025\/08\/8-1.webp);\"><\/div><div  class=\"swiper-slide\" data-image=\"https:\/\/serviexpresslogistics.com.co\/wp-content\/uploads\/2025\/08\/7-2.webp\" style=\"background-image:url(https:\/\/serviexpresslogistics.com.co\/wp-content\/uploads\/2025\/08\/7-2.webp);\"><\/div><div  class=\"swiper-slide\" data-image=\"https:\/\/serviexpresslogistics.com.co\/wp-content\/uploads\/2025\/08\/6-2.webp\" style=\"background-image:url(https:\/\/serviexpresslogistics.com.co\/wp-content\/uploads\/2025\/08\/6-2.webp);\"><\/div><div  class=\"swiper-slide\" data-image=\"https:\/\/serviexpresslogistics.com.co\/wp-content\/uploads\/2025\/08\/5-2.webp\" style=\"background-image:url(https:\/\/serviexpresslogistics.com.co\/wp-content\/uploads\/2025\/08\/5-2.webp);\"><\/div><div  class=\"swiper-slide\" data-image=\"https:\/\/serviexpresslogistics.com.co\/wp-content\/uploads\/2025\/08\/4-2.webp\" style=\"background-image:url(https:\/\/serviexpresslogistics.com.co\/wp-content\/uploads\/2025\/08\/4-2.webp);\"><\/div><div  class=\"swiper-slide\" data-image=\"https:\/\/serviexpresslogistics.com.co\/wp-content\/uploads\/2025\/08\/3-2.webp\" style=\"background-image:url(https:\/\/serviexpresslogistics.com.co\/wp-content\/uploads\/2025\/08\/3-2.webp);\"><\/div><div  class=\"swiper-slide\" data-image=\"https:\/\/serviexpresslogistics.com.co\/wp-content\/uploads\/2025\/08\/2-1.webp\" style=\"background-image:url(https:\/\/serviexpresslogistics.com.co\/wp-content\/uploads\/2025\/08\/2-1.webp);\"><\/div><div  class=\"swiper-slide\" data-image=\"https:\/\/serviexpresslogistics.com.co\/wp-content\/uploads\/2025\/08\/1-1.webp\" style=\"background-image:url(https:\/\/serviexpresslogistics.com.co\/wp-content\/uploads\/2025\/08\/1-1.webp);\"><\/div><div  class=\"swiper-slide\" data-image=\"https:\/\/serviexpresslogistics.com.co\/wp-content\/uploads\/2025\/08\/15.webp\" style=\"background-image:url(https:\/\/serviexpresslogistics.com.co\/wp-content\/uploads\/2025\/08\/15.webp);\"><\/div><div  class=\"swiper-slide\" data-image=\"https:\/\/serviexpresslogistics.com.co\/wp-content\/uploads\/2025\/08\/14.webp\" style=\"background-image:url(https:\/\/serviexpresslogistics.com.co\/wp-content\/uploads\/2025\/08\/14.webp);\"><\/div><div  class=\"swiper-slide\" data-image=\"https:\/\/serviexpresslogistics.com.co\/wp-content\/uploads\/2025\/08\/13.webp\" style=\"background-image:url(https:\/\/serviexpresslogistics.com.co\/wp-content\/uploads\/2025\/08\/13.webp);\"><\/div><\/div><\/div><\/div>\t\t\t<\/div>\n\t\t\t<\/aside><\/div><div class=\"vc_empty_space\"   style=\"height: 4.2em\"><span class=\"vc_empty_space_inner\"><\/span><\/div><\/div><\/div><\/div><\/div><div class=\"vc_row-full-width vc_clearfix\"><\/div><div class=\"vc_row wpb_row vc_row-fluid\"><div class=\"wpb_column vc_column_container vc_col-sm-12 sc_layouts_column_icons_position_left\"><div class=\"vc_column-inner\"><div class=\"wpb_wrapper\"><\/div><\/div><\/div><\/div><div class=\"vc_row wpb_row vc_row-fluid\"><div class=\"wpb_column vc_column_container vc_col-sm-12 sc_layouts_column_icons_position_left\"><div class=\"vc_column-inner\"><div class=\"wpb_wrapper\"><\/div><\/div><\/div><\/div>\n<\/div>","protected":false},"excerpt":{"rendered":"We specialize in providing efficient, secure, and personalized logistics solutions between the U.S. and Colombia, covering every stage of the shipping process, from storage and customs brokerage to final delivery. Customs Brokerage Advisory on Customs Legislation Advisory on Tariff Classifications Distribution and Dispatch of Goods Advisory on Special Programs (SIEX and PLAN VALLEJO) &nbsp; &nbsp; Advisory on Import and Export&hellip;","protected":false},"author":1,"featured_media":0,"parent":0,"menu_order":0,"comment_status":"closed","ping_status":"closed","template":"","meta":{"_joinchat":[],"footnotes":""},"class_list":["post-21","page","type-page","status-publish","hentry"],"yoast_head":"<!-- This site is optimized with the Yoast SEO plugin v27.3 - https:\/\/yoast.com\/product\/yoast-seo-wordpress\/ -->\n<title>Our Services - Serviexpress Logistics<\/title>\n<meta name=\"robots\" content=\"index, follow, max-snippet:-1, max-image-preview:large, max-video-preview:-1\" \/>\n<link rel=\"canonical\" href=\"https:\/\/serviexpresslogistics.com.co\/es\/our-services\/\" \/>\n<meta property=\"og:locale\" content=\"es_ES\" \/>\n<meta property=\"og:type\" content=\"article\" \/>\n<meta property=\"og:title\" content=\"Our Services - Serviexpress Logistics\" \/>\n<meta property=\"og:url\" content=\"https:\/\/serviexpresslogistics.com.co\/es\/our-services\/\" \/>\n<meta property=\"og:site_name\" content=\"Serviexpress Logistics\" \/>\n<meta property=\"article:modified_time\" content=\"2025-08-25T18:04:24+00:00\" \/>\n<meta name=\"twitter:card\" content=\"summary_large_image\" \/>\n<meta name=\"twitter:label1\" content=\"Tiempo de lectura\" \/>\n\t<meta name=\"twitter:data1\" content=\"2 minutos\" \/>\n<script type=\"application\/ld+json\" class=\"yoast-schema-graph\">{\"@context\":\"https:\\\/\\\/schema.org\",\"@graph\":[{\"@type\":\"WebPage\",\"@id\":\"https:\\\/\\\/serviexpresslogistics.com.co\\\/our-services\\\/\",\"url\":\"https:\\\/\\\/serviexpresslogistics.com.co\\\/our-services\\\/\",\"name\":\"Our Services - Serviexpress Logistics\",\"isPartOf\":{\"@id\":\"https:\\\/\\\/serviexpresslogistics.com.co\\\/#website\"},\"datePublished\":\"2016-11-03T15:19:27+00:00\",\"dateModified\":\"2025-08-25T18:04:24+00:00\",\"breadcrumb\":{\"@id\":\"https:\\\/\\\/serviexpresslogistics.com.co\\\/our-services\\\/#breadcrumb\"},\"inLanguage\":\"es-CO\",\"potentialAction\":[{\"@type\":\"ReadAction\",\"target\":[\"https:\\\/\\\/serviexpresslogistics.com.co\\\/our-services\\\/\"]}]},{\"@type\":\"BreadcrumbList\",\"@id\":\"https:\\\/\\\/serviexpresslogistics.com.co\\\/our-services\\\/#breadcrumb\",\"itemListElement\":[{\"@type\":\"ListItem\",\"position\":1,\"name\":\"Home\",\"item\":\"https:\\\/\\\/serviexpresslogistics.com.co\\\/\"},{\"@type\":\"ListItem\",\"position\":2,\"name\":\"Our Services\"}]},{\"@type\":\"WebSite\",\"@id\":\"https:\\\/\\\/serviexpresslogistics.com.co\\\/#website\",\"url\":\"https:\\\/\\\/serviexpresslogistics.com.co\\\/\",\"name\":\"Serviexpress Logistics\",\"description\":\"Shipments to Colombia\",\"publisher\":{\"@id\":\"https:\\\/\\\/serviexpresslogistics.com.co\\\/#organization\"},\"potentialAction\":[{\"@type\":\"SearchAction\",\"target\":{\"@type\":\"EntryPoint\",\"urlTemplate\":\"https:\\\/\\\/serviexpresslogistics.com.co\\\/?s={search_term_string}\"},\"query-input\":{\"@type\":\"PropertyValueSpecification\",\"valueRequired\":true,\"valueName\":\"search_term_string\"}}],\"inLanguage\":\"es-CO\"},{\"@type\":\"Organization\",\"@id\":\"https:\\\/\\\/serviexpresslogistics.com.co\\\/#organization\",\"name\":\"Serviexpress Logistics\",\"url\":\"https:\\\/\\\/serviexpresslogistics.com.co\\\/\",\"logo\":{\"@type\":\"ImageObject\",\"inLanguage\":\"es-CO\",\"@id\":\"https:\\\/\\\/serviexpresslogistics.com.co\\\/#\\\/schema\\\/logo\\\/image\\\/\",\"url\":\"https:\\\/\\\/serviexpresslogistics.com.co\\\/wp-content\\\/uploads\\\/2016\\\/11\\\/cropped-logo-serviexpress-logistics.webp\",\"contentUrl\":\"https:\\\/\\\/serviexpresslogistics.com.co\\\/wp-content\\\/uploads\\\/2016\\\/11\\\/cropped-logo-serviexpress-logistics.webp\",\"width\":647,\"height\":129,\"caption\":\"Serviexpress Logistics\"},\"image\":{\"@id\":\"https:\\\/\\\/serviexpresslogistics.com.co\\\/#\\\/schema\\\/logo\\\/image\\\/\"}}]}<\/script>\n<!-- \/ Yoast SEO plugin. -->","yoast_head_json":{"title":"Our Services - Serviexpress Logistics","robots":{"index":"index","follow":"follow","max-snippet":"max-snippet:-1","max-image-preview":"max-image-preview:large","max-video-preview":"max-video-preview:-1"},"canonical":"https:\/\/serviexpresslogistics.com.co\/es\/our-services\/","og_locale":"es_ES","og_type":"article","og_title":"Our Services - Serviexpress Logistics","og_url":"https:\/\/serviexpresslogistics.com.co\/es\/our-services\/","og_site_name":"Serviexpress Logistics","article_modified_time":"2025-08-25T18:04:24+00:00","twitter_card":"summary_large_image","twitter_misc":{"Tiempo de lectura":"2 minutos"},"schema":{"@context":"https:\/\/schema.org","@graph":[{"@type":"WebPage","@id":"https:\/\/serviexpresslogistics.com.co\/our-services\/","url":"https:\/\/serviexpresslogistics.com.co\/our-services\/","name":"Our Services - Serviexpress Logistics","isPartOf":{"@id":"https:\/\/serviexpresslogistics.com.co\/#website"},"datePublished":"2016-11-03T15:19:27+00:00","dateModified":"2025-08-25T18:04:24+00:00","breadcrumb":{"@id":"https:\/\/serviexpresslogistics.com.co\/our-services\/#breadcrumb"},"inLanguage":"es-CO","potentialAction":[{"@type":"ReadAction","target":["https:\/\/serviexpresslogistics.com.co\/our-services\/"]}]},{"@type":"BreadcrumbList","@id":"https:\/\/serviexpresslogistics.com.co\/our-services\/#breadcrumb","itemListElement":[{"@type":"ListItem","position":1,"name":"Home","item":"https:\/\/serviexpresslogistics.com.co\/"},{"@type":"ListItem","position":2,"name":"Our Services"}]},{"@type":"WebSite","@id":"https:\/\/serviexpresslogistics.com.co\/#website","url":"https:\/\/serviexpresslogistics.com.co\/","name":"Serviexpress Logistics","description":"Shipments to Colombia","publisher":{"@id":"https:\/\/serviexpresslogistics.com.co\/#organization"},"potentialAction":[{"@type":"SearchAction","target":{"@type":"EntryPoint","urlTemplate":"https:\/\/serviexpresslogistics.com.co\/?s={search_term_string}"},"query-input":{"@type":"PropertyValueSpecification","valueRequired":true,"valueName":"search_term_string"}}],"inLanguage":"es-CO"},{"@type":"Organization","@id":"https:\/\/serviexpresslogistics.com.co\/#organization","name":"Serviexpress Logistics","url":"https:\/\/serviexpresslogistics.com.co\/","logo":{"@type":"ImageObject","inLanguage":"es-CO","@id":"https:\/\/serviexpresslogistics.com.co\/#\/schema\/logo\/image\/","url":"https:\/\/serviexpresslogistics.com.co\/wp-content\/uploads\/2016\/11\/cropped-logo-serviexpress-logistics.webp","contentUrl":"https:\/\/serviexpresslogistics.com.co\/wp-content\/uploads\/2016\/11\/cropped-logo-serviexpress-logistics.webp","width":647,"height":129,"caption":"Serviexpress Logistics"},"image":{"@id":"https:\/\/serviexpresslogistics.com.co\/#\/schema\/logo\/image\/"}}]}},"_links":{"self":[{"href":"https:\/\/serviexpresslogistics.com.co\/es\/wp-json\/wp\/v2\/pages\/21","targetHints":{"allow":["GET"]}}],"collection":[{"href":"https:\/\/serviexpresslogistics.com.co\/es\/wp-json\/wp\/v2\/pages"}],"about":[{"href":"https:\/\/serviexpresslogistics.com.co\/es\/wp-json\/wp\/v2\/types\/page"}],"author":[{"embeddable":true,"href":"https:\/\/serviexpresslogistics.com.co\/es\/wp-json\/wp\/v2\/users\/1"}],"replies":[{"embeddable":true,"href":"https:\/\/serviexpresslogistics.com.co\/es\/wp-json\/wp\/v2\/comments?post=21"}],"version-history":[{"count":45,"href":"https:\/\/serviexpresslogistics.com.co\/es\/wp-json\/wp\/v2\/pages\/21\/revisions"}],"predecessor-version":[{"id":1709,"href":"https:\/\/serviexpresslogistics.com.co\/es\/wp-json\/wp\/v2\/pages\/21\/revisions\/1709"}],"wp:attachment":[{"href":"https:\/\/serviexpresslogistics.com.co\/es\/wp-json\/wp\/v2\/media?parent=21"}],"curies":[{"name":"wp","href":"https:\/\/api.w.org\/{rel}","templated":true}]}}