{"id":19,"date":"2016-11-03T15:19:14","date_gmt":"2016-11-03T15:19:14","guid":{"rendered":"https:\/\/serviexpresslogistics.com.co\/?page_id=19"},"modified":"2025-08-29T15:40:55","modified_gmt":"2025-08-29T15:40:55","slug":"about-us-logistics","status":"publish","type":"page","link":"https:\/\/serviexpresslogistics.com.co\/es\/about-us-logistics\/","title":{"rendered":"Sobre Serviexpress Logistics"},"content":{"rendered":"<div class=\"wpb-content-wrapper\"><div data-vc-full-width=\"true\" data-vc-full-width-init=\"false\" class=\"vc_row wpb_row vc_row-fluid vc_custom_1478525086569 vc_row-has-fill\"><div class=\"wpb_column vc_column_container vc_col-sm-12 sc_layouts_column_icons_position_left\"><div class=\"vc_column-inner\"><div class=\"wpb_wrapper\"><div class=\"vc_empty_space\"   style=\"height: 6.6em\"><span class=\"vc_empty_space_inner\"><\/span><\/div><div  id=\"sc_promo_1775517493\" \n\tclass=\"sc_promo sc_promo_default sc_promo_size_small sc_promo_image_position_right\"><div class=\"sc_promo_image\" style=\"background-image:url(https:\/\/serviexpresslogistics.com.co\/wp-content\/uploads\/2025\/08\/logistics.webp);width:50%;right: 0;\"><\/div><div class=\"sc_promo_text\" style=\"width: 50%;float: left;\">\n\t\t\t<div class=\"sc_promo_text_inner\" style=\"\"><h6 class=\"sc_item_subtitle sc_promo_subtitle sc_align_default sc_item_title_style_default\">Internacional<\/h6><h2 class=\"sc_item_title sc_promo_title sc_align_default sc_item_title_style_default\">L\u00edderes en Log\u00edstica Internacional entre EE.\u202fUU. y Colombia<\/h2><div class=\"sc_item_descr sc_promo_descr sc_align_default\">Serviexpress Logistics Freight Corp es una empresa especializada en soluciones integrales de log\u00edstica internacional, que ofrece servicios de courier, casillero virtual y env\u00edos entre Estados Unidos y Colombia, as\u00ed como la venta de productos a trav\u00e9s de su plataforma en l\u00ednea. Nos enfocamos en brindar una experiencia segura, eficiente y transparente, respaldada por procesos aduaneros confiables, m\u00e9todos de pago seguros y una estricta pol\u00edtica de privacidad que protege la informaci\u00f3n personal de nuestros usuarios. A trav\u00e9s de una plataforma robusta y un equipo comprometido, garantizamos el cumplimiento de la normativa vigente, la confidencialidad de los datos, y una atenci\u00f3n personalizada desde la recepci\u00f3n de tus compras hasta la entrega final en Colombia.<\/div><div class=\"sc_item_button sc_item_button_accent sc_promo_button sc_align_default sc_button_wrap\"><a href=\"\/es\/contacts\/\" id=\"sc_button_270465587\" class=\"sc_button sc_button_accent sc_button_size_normal sc_button_icon_left\"><span class=\"sc_button_text\"><span class=\"sc_button_title\">Comienza hoy mismo<\/span><\/span><!-- \/.sc_button_text --><\/a><!-- \/.sc_button --><\/div><!-- \/.sc_item_button sc_item_button_accent sc_promo_button sc_align_default --><\/div>\n\t\t<\/div><!-- \/.sc_promo_text --><\/div><!-- \/.sc_promo --><div class=\"vc_empty_space\"   style=\"height: 8.4em\"><span class=\"vc_empty_space_inner\"><\/span><\/div><\/div><\/div><\/div><\/div><div class=\"vc_row-full-width vc_clearfix\"><\/div><div data-vc-full-width=\"true\" data-vc-full-width-init=\"false\" class=\"vc_row wpb_row vc_row-fluid vc_custom_1752870410264 vc_row-has-fill\"><div class=\"wpb_column vc_column_container vc_col-sm-12 sc_layouts_column_icons_position_left\"><div class=\"vc_column-inner\"><div class=\"wpb_wrapper\"><div class=\"vc_empty_space\"   style=\"height: 3.5em\"><span class=\"vc_empty_space_inner\"><\/span><\/div><div id=\"sc_skills_545948567\"\n\t\tclass=\"sc_skills sc_skills_counter\"\n\t\t\t\tdata-type=\"counter\"\n\t\t><div class=\"sc_skills_columns sc_item_columns trx_addons_columns_wrap columns_padding_bottom\"><div class=\"sc_skills_column trx_addons_column-1_4\"><div class=\"sc_skills_item_wrap\"><div class=\"sc_skills_item\"><div class=\"sc_skills_icon icon-card\"><\/div><div class=\"sc_skills_total\" data-start=\"0\" data-stop=\"1900\" data-step=\"4\" data-max=\"400\" data-speed=\"19\" data-duration=\"9025\" data-ed=\"\">0<\/div><\/div><div class=\"sc_skills_item_title\">Toneladas transportadas<\/div><\/div><\/div><div class=\"sc_skills_column trx_addons_column-1_4\"><div class=\"sc_skills_item_wrap\"><div class=\"sc_skills_item\"><div class=\"sc_skills_icon icon-2\"><\/div><div class=\"sc_skills_total\" data-start=\"0\" data-stop=\"230\" data-step=\"4\" data-max=\"400\" data-speed=\"20\" data-duration=\"1150\" data-ed=\"\">0<\/div><\/div><div class=\"sc_skills_item_title\">Empleados<\/div><\/div><\/div><div class=\"sc_skills_column trx_addons_column-1_4\"><div class=\"sc_skills_item_wrap\"><div class=\"sc_skills_item\"><div class=\"sc_skills_icon icon-sphere\"><\/div><div class=\"sc_skills_total\" data-start=\"0\" data-stop=\"2\" data-step=\"4\" data-max=\"400\" data-speed=\"35\" data-duration=\"18\" data-ed=\"\">0<\/div><\/div><div class=\"sc_skills_item_title\">Oficinas en el Mundo<\/div><\/div><\/div><div class=\"sc_skills_column trx_addons_column-1_4\"><div class=\"sc_skills_item_wrap\"><div class=\"sc_skills_item\"><div class=\"sc_skills_icon icon-3\"><\/div><div class=\"sc_skills_total\" data-start=\"0\" data-stop=\"1900\" data-step=\"4\" data-max=\"400\" data-speed=\"11\" data-duration=\"5225\" data-ed=\"\">0<\/div><\/div><div class=\"sc_skills_item_title\">Clientes Satisfechos<\/div><\/div><\/div><\/div><\/div><div class=\"vc_empty_space\"   style=\"height: 2em\"><span class=\"vc_empty_space_inner\"><\/span><\/div><\/div><\/div><\/div><\/div><div class=\"vc_row-full-width vc_clearfix\"><\/div><div data-vc-full-width=\"true\" data-vc-full-width-init=\"false\" data-vc-stretch-content=\"true\" class=\"vc_row wpb_row vc_row-fluid vc_custom_1478532881550 vc_row-has-fill vc_row-no-padding\"><div class=\"wpb_column vc_column_container vc_col-sm-12 sc_layouts_column_icons_position_left\"><div class=\"vc_column-inner\"><div class=\"wpb_wrapper\"><div  id=\"sc_promo_169816749\" \n\tclass=\"sc_promo sc_promo_default sc_promo_size_large sc_promo_image_position_left\"><div class=\"sc_promo_image\" style=\"background-image:url(https:\/\/serviexpresslogistics.com.co\/wp-content\/uploads\/2025\/08\/mapa-colombia-1.webp);width:50%;left: 0;\"><\/div><div class=\"sc_promo_text\" style=\"width: 50%;float: right;\">\n\t\t\t<div class=\"sc_promo_text_inner\" style=\"\"><h2 class=\"sc_item_title sc_promo_title sc_align_default sc_item_title_style_default\">Nuestras Oficinas<\/h2><div class=\"sc_promo_content sc_item_content\">\n\t<div class=\"wpb_text_column wpb_content_element\" >\n\t\t<div class=\"wpb_wrapper\">\n\t\t\t<ul>\n<li>\n<h4>Bogot\u00e1<\/h4>\n<\/li>\n<li>\n<h4>Cartagena<\/h4>\n<\/li>\n<li>\n<h4>Ipiales<\/h4>\n<\/li>\n<li>\n<h4>Buenaventura<\/h4>\n<\/li>\n<li>\n<h4>Pereira<\/h4>\n<\/li>\n<\/ul>\n\n\t\t<\/div>\n\t<\/div>\n\n\t<div class=\"wpb_text_column wpb_content_element\" >\n\t\t<div class=\"wpb_wrapper\">\n\t\t\t<ul>\n<li>\n<h4>Barranquilla<\/h4>\n<\/li>\n<li>\n<h4>Medell\u00edn<\/h4>\n<\/li>\n<li>\n<h4>C\u00facuta<\/h4>\n<\/li>\n<li>\n<h4>Santa Marta<\/h4>\n<\/li>\n<li>\n<h4>Bucaramanga<\/h4>\n<\/li>\n<\/ul>\n\n\t\t<\/div>\n\t<\/div>\n<div id=\"sc_content_556523998\"\n\t\tclass=\"sc_content sc_content_default  vc_custom_1480289643519 sc_content_width_1_2\"><div class=\"sc_content_container\"><div class=\"vc_empty_space\"   style=\"height: 1.4em\"><span class=\"vc_empty_space_inner\"><\/span><\/div><\/div><\/div><!-- \/.sc_content --><\/div><\/div>\n\t\t<\/div><!-- \/.sc_promo_text --><\/div><!-- \/.sc_promo --><div  id=\"sc_action_1879030468\" \n\tclass=\"scheme_dark sc_action sc_action_simple\" data-slides-min-width=\"250\"\t><div class=\"sc_action_content sc_item_content\"><div class=\"sc_action_item sc_action_item_simple with_image sc_action_item_mc\" style=\"background-image:url(https:\/\/serviexpresslogistics.com.co\/wp-content\/uploads\/2025\/08\/action-1-copyright.jpg);\">\n\t\t\t\t\t\t\t<div class=\"sc_action_item_mask\"><\/div>\n\t\t\t\t<div class=\"sc_action_item_inner\">\n\t\t\t\t<h6 class=\"sc_action_item_subtitle\"><span>Eficiencia, seguridad y atenci\u00f3n personalizada\u2014al precio justo<\/span><\/h6><h3 class=\"sc_action_item_title\"><span>Vamos m\u00e1s all\u00e1 de la log\u00edstica<\/span><\/h3><a href=\"\/es\/contacts\/\" class=\"sc_action_item_link sc_button_border sc_button_icon_right\">Cont\u00e1ctanos<\/a><\/div><!-- \/.sc_action_item_inner --><\/div><\/div><\/div><!-- \/.sc_action --><\/div><\/div><\/div><\/div><div class=\"vc_row-full-width vc_clearfix\"><\/div><div data-vc-full-width=\"true\" data-vc-full-width-init=\"false\" data-vc-stretch-content=\"true\" class=\"vc_row wpb_row vc_row-fluid vc_row-no-padding vc_row-o-equal-height vc_row-flex\"><div class=\"wpb_column vc_column_container vc_col-sm-3 vc_col-has-fill sc_layouts_column_icons_position_left\"><div class=\"vc_column-inner vc_custom_1480281211046\"><div class=\"wpb_wrapper\"><div class=\"vc_empty_space\"   style=\"height: 7.45em\"><span class=\"vc_empty_space_inner\"><\/span><\/div><div id=\"sc_icons_580583960\" \n\tclass=\"sc_icons sc_icons_default sc_icons_size_small sc_align_center  vc_custom_1753993773554\"><div class=\"sc_icons_item\"><div id=\"sc_icons_580583960_icon-sphere\" class=\"sc_icons_icon sc_icon_type_fontawesome icon-sphere\"\n\t\t\t\t\t\t\t\t\t\t\t\t><span class=\"sc_icon_type_fontawesome icon-sphere\"><\/span><\/div><\/div><\/div><!-- \/.sc_icons -->\n\t<div class=\"wpb_text_column wpb_content_element vc_custom_1753993069615\" >\n\t\t<div class=\"wpb_wrapper\">\n\t\t\t<h4 style=\"text-align: center;\"><strong>Respeto<\/strong><\/h4>\n\n\t\t<\/div>\n\t<\/div>\n\n\t<div class=\"wpb_text_column wpb_content_element vc_custom_1753993046022\" >\n\t\t<div class=\"wpb_wrapper\">\n\t\t\t<p style=\"text-align: center;\" data-start=\"1869\" data-end=\"1953\">Valoramos diferencias, promovemos convivencia arm\u00f3nica.<\/p>\n\n\t\t<\/div>\n\t<\/div>\n<div class=\"vc_empty_space\"   style=\"height: 7.6em\"><span class=\"vc_empty_space_inner\"><\/span><\/div><\/div><\/div><\/div><div class=\"wpb_column vc_column_container vc_col-sm-3 vc_col-has-fill sc_layouts_column_icons_position_left\"><div class=\"vc_column-inner vc_custom_1480281219262\"><div class=\"wpb_wrapper\"><div class=\"vc_empty_space\"   style=\"height: 7.45em\"><span class=\"vc_empty_space_inner\"><\/span><\/div><div id=\"sc_icons_464380485\" \n\tclass=\"sc_icons sc_icons_default sc_icons_size_small sc_align_center  vc_custom_1753993664015\"><div class=\"sc_icons_item\"><div id=\"sc_icons_464380485_icon-3\" class=\"sc_icons_icon sc_icon_type_fontawesome icon-3\"\n\t\t\t\t\t\t\t\t\t\t\t\t><span class=\"sc_icon_type_fontawesome icon-3\"><\/span><\/div><\/div><\/div><!-- \/.sc_icons -->\n\t<div class=\"wpb_text_column wpb_content_element vc_custom_1753993074519\" >\n\t\t<div class=\"wpb_wrapper\">\n\t\t\t<h4 style=\"text-align: center;\"><strong>Responsabilidad<\/strong><\/h4>\n\n\t\t<\/div>\n\t<\/div>\n\n\t<div class=\"wpb_text_column wpb_content_element vc_custom_1753992862175\" >\n\t\t<div class=\"wpb_wrapper\">\n\t\t\t<p style=\"text-align: center;\" data-start=\"1957\" data-end=\"2093\">Actuamos con diligencia y asumimos resultados frente a la compa\u00f1\u00eda, sociedad y medio ambiente.<\/p>\n\n\t\t<\/div>\n\t<\/div>\n<div class=\"vc_empty_space\"   style=\"height: 7.6em\"><span class=\"vc_empty_space_inner\"><\/span><\/div><\/div><\/div><\/div><div class=\"wpb_column vc_column_container vc_col-sm-3 vc_col-has-fill sc_layouts_column_icons_position_left scheme_dark\"><div class=\"vc_column-inner vc_custom_1755885228189\"><div class=\"wpb_wrapper\"><div class=\"vc_empty_space\"   style=\"height: 7.45em\"><span class=\"vc_empty_space_inner\"><\/span><\/div><div id=\"sc_icons_1310130449\" \n\tclass=\"sc_icons sc_icons_default sc_icons_size_small sc_align_center  vc_custom_1753993282714\"><div class=\"sc_icons_item\"><div id=\"sc_icons_1310130449_icon-thumbs-up-light\" class=\"sc_icons_icon sc_icon_type_fontawesome icon-thumbs-up-light\"\n\t\t\t\t\t\t\t\t\t\t\t\t><span class=\"sc_icon_type_fontawesome icon-thumbs-up-light\"><\/span><\/div><\/div><\/div><!-- \/.sc_icons -->\n\t<div class=\"wpb_text_column wpb_content_element vc_custom_1753993082270\" >\n\t\t<div class=\"wpb_wrapper\">\n\t\t\t<h4 style=\"text-align: center;\"><strong data-start=\"2097\" data-end=\"2111\">Excelencia<\/strong><\/h4>\n\n\t\t<\/div>\n\t<\/div>\n\n\t<div class=\"wpb_text_column wpb_content_element vc_custom_1753992882350\" >\n\t\t<div class=\"wpb_wrapper\">\n\t\t\t<p style=\"text-align: center;\" data-start=\"2097\" data-end=\"2211\">Superamos est\u00e1ndares con mejoras continuas y eficiencia.<\/p>\n\n\t\t<\/div>\n\t<\/div>\n<div class=\"vc_empty_space\"   style=\"height: 7.6em\"><span class=\"vc_empty_space_inner\"><\/span><\/div><\/div><\/div><\/div><div class=\"wpb_column vc_column_container vc_col-sm-3 sc_layouts_column_icons_position_left\"><div class=\"vc_column-inner\"><div class=\"wpb_wrapper\"><div class=\"vc_empty_space\"   style=\"height: 7.45em\"><span class=\"vc_empty_space_inner\"><\/span><\/div><div id=\"sc_icons_2115532286\" \n\tclass=\"sc_icons sc_icons_default sc_icons_size_small sc_align_center  vc_custom_1753993612733\"><div class=\"sc_icons_item\"><div id=\"sc_icons_2115532286_icon-card\" class=\"sc_icons_icon sc_icon_type_fontawesome icon-card\"\n\t\t\t\t\t\t\t\t\t\t\t\t><span class=\"sc_icon_type_fontawesome icon-card\"><\/span><\/div><\/div><\/div><!-- \/.sc_icons -->\n\t<div class=\"wpb_text_column wpb_content_element vc_custom_1753993086454\" >\n\t\t<div class=\"wpb_wrapper\">\n\t\t\t<h4 style=\"text-align: center;\"><strong>Transparencia<\/strong><\/h4>\n\n\t\t<\/div>\n\t<\/div>\n\n\t<div class=\"wpb_text_column wpb_content_element vc_custom_1753992908383\" >\n\t\t<div class=\"wpb_wrapper\">\n\t\t\t<p style=\"text-align: center;\" data-start=\"2215\" data-end=\"2317\">Nuestro \"pensar, decir y hacer\" es evidente, coherente y confiable.<\/p>\n\n\t\t<\/div>\n\t<\/div>\n<div class=\"vc_empty_space\"   style=\"height: 7.6em\"><span class=\"vc_empty_space_inner\"><\/span><\/div><\/div><\/div><\/div><\/div><div class=\"vc_row-full-width vc_clearfix\"><\/div><div data-vc-full-width=\"true\" data-vc-full-width-init=\"false\" class=\"vc_row wpb_row vc_row-fluid vc_custom_1478526798504 vc_row-has-fill\"><div class=\"wpb_column vc_column_container vc_col-sm-12 sc_layouts_column_icons_position_left\"><div class=\"vc_column-inner\"><div class=\"wpb_wrapper\"><div class=\"vc_empty_space\"   style=\"height: 10.4em\"><span class=\"vc_empty_space_inner\"><\/span><\/div><div  id=\"sc_testimonials_1482970296\"            class=\"sc_testimonials sc_testimonials_default swiper-slider-container slider_swiper slider_noresize slider_nocontrols slider_nopagination\" data-slides-per-view=\"2\" data-slides-space=\"30\" data-interval=\"0\" data-slides-min-width=\"150\"\t\t>\n\t\t<h6 class=\"sc_item_subtitle sc_testimonials_subtitle sc_align_center sc_item_title_style_default\">que dicen nuestros clientes<\/h6><h2 class=\"sc_item_title sc_testimonials_title sc_align_center sc_item_title_style_default\">Testimonios<\/h2><div class=\"sc_testimonials_slider sc_item_slider slides swiper-wrapper\"><div class=\"swiper-slide\"><div class=\"sc_testimonials_item\">\n\t<div class=\"sc_testimonials_item_content\"><p>Estoy muy satisfecho con el servicio de esta empresa. Es un verdadero placer trabajar con un asesor que realmente se interesa por las necesidades, objetivos y preferencias de sus clientes. <\/p>\n<\/div>\n\t<div class=\"sc_testimonials_item_author\">\n\t\t\t\t<div class=\"sc_testimonials_item_author_data\">\n\t\t\t<h4 class=\"sc_testimonials_item_author_title\">Ronald Dowson<\/h4>\n\t\t\t<div class=\"sc_testimonials_item_author_subtitle\">Cliente<\/div>\n\t\t<\/div>\n\t<\/div>\n<\/div>\n<\/div><div class=\"swiper-slide\"><div class=\"sc_testimonials_item\">\n\t<div class=\"sc_testimonials_item_content\"><p>Quiero expresar lo agradecido que estoy por el trabajo que han realizado para mi familia durante estos \u00faltimos a\u00f1os. Estoy absolutamente satisfecho con los servicios de su empresa. <\/p>\n<\/div>\n\t<div class=\"sc_testimonials_item_author\">\n\t\t\t\t<div class=\"sc_testimonials_item_author_data\">\n\t\t\t<h4 class=\"sc_testimonials_item_author_title\">Sara\tGarcia<\/h4>\n\t\t\t<div class=\"sc_testimonials_item_author_subtitle\">Cliente<\/div>\n\t\t<\/div>\n\t<\/div>\n<\/div>\n<\/div><div class=\"swiper-slide\"><div class=\"sc_testimonials_item\">\n\t<div class=\"sc_testimonials_item_content\"><p>In this company they have assembled only certified and experiences employees who stand behind their promise to deliver quality and timely services. <\/p>\n<\/div>\n\t<div class=\"sc_testimonials_item_author\">\n\t\t\t\t<div class=\"sc_testimonials_item_author_data\">\n\t\t\t<h4 class=\"sc_testimonials_item_author_title\">Doug Ramsey<\/h4>\n\t\t\t<div class=\"sc_testimonials_item_author_subtitle\">Cliente<\/div>\n\t\t<\/div>\n\t<\/div>\n<\/div>\n<\/div><\/div><\/div><!-- \/.sc_testimonials --><div class=\"vc_empty_space\"   style=\"height: 13.7em\"><span class=\"vc_empty_space_inner\"><\/span><\/div><\/div><\/div><\/div><\/div><div class=\"vc_row-full-width vc_clearfix\"><\/div>\n<\/div>","protected":false},"excerpt":{"rendered":"In this company they have assembled only certified and experiences employees who stand behind their promise to deliver quality and timely services.","protected":false},"author":1,"featured_media":0,"parent":0,"menu_order":0,"comment_status":"closed","ping_status":"closed","template":"","meta":{"_joinchat":[],"footnotes":""},"class_list":["post-19","page","type-page","status-publish","hentry"],"yoast_head":"<!-- This site is optimized with the Yoast SEO plugin v27.3 - https:\/\/yoast.com\/product\/yoast-seo-wordpress\/ -->\n<title>About Serviexpress Logistics - Serviexpress Logistics<\/title>\n<meta name=\"robots\" content=\"index, follow, max-snippet:-1, max-image-preview:large, max-video-preview:-1\" \/>\n<link rel=\"canonical\" href=\"https:\/\/serviexpresslogistics.com.co\/es\/about-us-logistics\/\" \/>\n<meta property=\"og:locale\" content=\"es_ES\" \/>\n<meta property=\"og:type\" content=\"article\" \/>\n<meta property=\"og:title\" content=\"About Serviexpress Logistics - Serviexpress Logistics\" \/>\n<meta property=\"og:url\" content=\"https:\/\/serviexpresslogistics.com.co\/es\/about-us-logistics\/\" \/>\n<meta property=\"og:site_name\" content=\"Serviexpress Logistics\" \/>\n<meta property=\"article:modified_time\" content=\"2025-08-29T15:40:55+00:00\" \/>\n<meta name=\"twitter:card\" content=\"summary_large_image\" \/>\n<meta name=\"twitter:label1\" content=\"Tiempo de lectura\" \/>\n\t<meta name=\"twitter:data1\" content=\"3 minutos\" \/>\n<script type=\"application\/ld+json\" class=\"yoast-schema-graph\">{\"@context\":\"https:\\\/\\\/schema.org\",\"@graph\":[{\"@type\":\"WebPage\",\"@id\":\"https:\\\/\\\/serviexpresslogistics.com.co\\\/about-us-logistics\\\/\",\"url\":\"https:\\\/\\\/serviexpresslogistics.com.co\\\/about-us-logistics\\\/\",\"name\":\"About Serviexpress Logistics - Serviexpress Logistics\",\"isPartOf\":{\"@id\":\"https:\\\/\\\/serviexpresslogistics.com.co\\\/#website\"},\"datePublished\":\"2016-11-03T15:19:14+00:00\",\"dateModified\":\"2025-08-29T15:40:55+00:00\",\"breadcrumb\":{\"@id\":\"https:\\\/\\\/serviexpresslogistics.com.co\\\/about-us-logistics\\\/#breadcrumb\"},\"inLanguage\":\"es-CO\",\"potentialAction\":[{\"@type\":\"ReadAction\",\"target\":[\"https:\\\/\\\/serviexpresslogistics.com.co\\\/about-us-logistics\\\/\"]}]},{\"@type\":\"BreadcrumbList\",\"@id\":\"https:\\\/\\\/serviexpresslogistics.com.co\\\/about-us-logistics\\\/#breadcrumb\",\"itemListElement\":[{\"@type\":\"ListItem\",\"position\":1,\"name\":\"Home\",\"item\":\"https:\\\/\\\/serviexpresslogistics.com.co\\\/\"},{\"@type\":\"ListItem\",\"position\":2,\"name\":\"About Serviexpress Logistics\"}]},{\"@type\":\"WebSite\",\"@id\":\"https:\\\/\\\/serviexpresslogistics.com.co\\\/#website\",\"url\":\"https:\\\/\\\/serviexpresslogistics.com.co\\\/\",\"name\":\"Serviexpress Logistics\",\"description\":\"Shipments to Colombia\",\"publisher\":{\"@id\":\"https:\\\/\\\/serviexpresslogistics.com.co\\\/#organization\"},\"potentialAction\":[{\"@type\":\"SearchAction\",\"target\":{\"@type\":\"EntryPoint\",\"urlTemplate\":\"https:\\\/\\\/serviexpresslogistics.com.co\\\/?s={search_term_string}\"},\"query-input\":{\"@type\":\"PropertyValueSpecification\",\"valueRequired\":true,\"valueName\":\"search_term_string\"}}],\"inLanguage\":\"es-CO\"},{\"@type\":\"Organization\",\"@id\":\"https:\\\/\\\/serviexpresslogistics.com.co\\\/#organization\",\"name\":\"Serviexpress Logistics\",\"url\":\"https:\\\/\\\/serviexpresslogistics.com.co\\\/\",\"logo\":{\"@type\":\"ImageObject\",\"inLanguage\":\"es-CO\",\"@id\":\"https:\\\/\\\/serviexpresslogistics.com.co\\\/#\\\/schema\\\/logo\\\/image\\\/\",\"url\":\"https:\\\/\\\/serviexpresslogistics.com.co\\\/wp-content\\\/uploads\\\/2016\\\/11\\\/cropped-logo-serviexpress-logistics.webp\",\"contentUrl\":\"https:\\\/\\\/serviexpresslogistics.com.co\\\/wp-content\\\/uploads\\\/2016\\\/11\\\/cropped-logo-serviexpress-logistics.webp\",\"width\":647,\"height\":129,\"caption\":\"Serviexpress Logistics\"},\"image\":{\"@id\":\"https:\\\/\\\/serviexpresslogistics.com.co\\\/#\\\/schema\\\/logo\\\/image\\\/\"}}]}<\/script>\n<!-- \/ Yoast SEO plugin. -->","yoast_head_json":{"title":"About Serviexpress Logistics - Serviexpress Logistics","robots":{"index":"index","follow":"follow","max-snippet":"max-snippet:-1","max-image-preview":"max-image-preview:large","max-video-preview":"max-video-preview:-1"},"canonical":"https:\/\/serviexpresslogistics.com.co\/es\/about-us-logistics\/","og_locale":"es_ES","og_type":"article","og_title":"About Serviexpress Logistics - Serviexpress Logistics","og_url":"https:\/\/serviexpresslogistics.com.co\/es\/about-us-logistics\/","og_site_name":"Serviexpress Logistics","article_modified_time":"2025-08-29T15:40:55+00:00","twitter_card":"summary_large_image","twitter_misc":{"Tiempo de lectura":"3 minutos"},"schema":{"@context":"https:\/\/schema.org","@graph":[{"@type":"WebPage","@id":"https:\/\/serviexpresslogistics.com.co\/about-us-logistics\/","url":"https:\/\/serviexpresslogistics.com.co\/about-us-logistics\/","name":"About Serviexpress Logistics - Serviexpress Logistics","isPartOf":{"@id":"https:\/\/serviexpresslogistics.com.co\/#website"},"datePublished":"2016-11-03T15:19:14+00:00","dateModified":"2025-08-29T15:40:55+00:00","breadcrumb":{"@id":"https:\/\/serviexpresslogistics.com.co\/about-us-logistics\/#breadcrumb"},"inLanguage":"es-CO","potentialAction":[{"@type":"ReadAction","target":["https:\/\/serviexpresslogistics.com.co\/about-us-logistics\/"]}]},{"@type":"BreadcrumbList","@id":"https:\/\/serviexpresslogistics.com.co\/about-us-logistics\/#breadcrumb","itemListElement":[{"@type":"ListItem","position":1,"name":"Home","item":"https:\/\/serviexpresslogistics.com.co\/"},{"@type":"ListItem","position":2,"name":"About Serviexpress Logistics"}]},{"@type":"WebSite","@id":"https:\/\/serviexpresslogistics.com.co\/#website","url":"https:\/\/serviexpresslogistics.com.co\/","name":"Serviexpress Logistics","description":"Shipments to Colombia","publisher":{"@id":"https:\/\/serviexpresslogistics.com.co\/#organization"},"potentialAction":[{"@type":"SearchAction","target":{"@type":"EntryPoint","urlTemplate":"https:\/\/serviexpresslogistics.com.co\/?s={search_term_string}"},"query-input":{"@type":"PropertyValueSpecification","valueRequired":true,"valueName":"search_term_string"}}],"inLanguage":"es-CO"},{"@type":"Organization","@id":"https:\/\/serviexpresslogistics.com.co\/#organization","name":"Serviexpress Logistics","url":"https:\/\/serviexpresslogistics.com.co\/","logo":{"@type":"ImageObject","inLanguage":"es-CO","@id":"https:\/\/serviexpresslogistics.com.co\/#\/schema\/logo\/image\/","url":"https:\/\/serviexpresslogistics.com.co\/wp-content\/uploads\/2016\/11\/cropped-logo-serviexpress-logistics.webp","contentUrl":"https:\/\/serviexpresslogistics.com.co\/wp-content\/uploads\/2016\/11\/cropped-logo-serviexpress-logistics.webp","width":647,"height":129,"caption":"Serviexpress Logistics"},"image":{"@id":"https:\/\/serviexpresslogistics.com.co\/#\/schema\/logo\/image\/"}}]}},"_links":{"self":[{"href":"https:\/\/serviexpresslogistics.com.co\/es\/wp-json\/wp\/v2\/pages\/19","targetHints":{"allow":["GET"]}}],"collection":[{"href":"https:\/\/serviexpresslogistics.com.co\/es\/wp-json\/wp\/v2\/pages"}],"about":[{"href":"https:\/\/serviexpresslogistics.com.co\/es\/wp-json\/wp\/v2\/types\/page"}],"author":[{"embeddable":true,"href":"https:\/\/serviexpresslogistics.com.co\/es\/wp-json\/wp\/v2\/users\/1"}],"replies":[{"embeddable":true,"href":"https:\/\/serviexpresslogistics.com.co\/es\/wp-json\/wp\/v2\/comments?post=19"}],"version-history":[{"count":46,"href":"https:\/\/serviexpresslogistics.com.co\/es\/wp-json\/wp\/v2\/pages\/19\/revisions"}],"predecessor-version":[{"id":1736,"href":"https:\/\/serviexpresslogistics.com.co\/es\/wp-json\/wp\/v2\/pages\/19\/revisions\/1736"}],"wp:attachment":[{"href":"https:\/\/serviexpresslogistics.com.co\/es\/wp-json\/wp\/v2\/media?parent=19"}],"curies":[{"name":"wp","href":"https:\/\/api.w.org\/{rel}","templated":true}]}}